{"id":445,"date":"2026-02-20T03:46:15","date_gmt":"2026-02-20T03:46:15","guid":{"rendered":"https:\/\/silvasites.com\/vivanutrientes\/?page_id=445"},"modified":"2026-02-23T00:10:16","modified_gmt":"2026-02-23T00:10:16","slug":"blog","status":"publish","type":"page","link":"https:\/\/silvasites.com\/vivanutrientes\/blog\/","title":{"rendered":"Blog"},"content":{"rendered":"\t\t<div data-elementor-type=\"wp-page\" data-elementor-id=\"445\" class=\"elementor elementor-445\">\n\t\t\t\t<div class=\"elementor-element elementor-element-51cfc86 e-flex e-con-boxed wpr-particle-no wpr-jarallax-no wpr-parallax-no wpr-sticky-section-no e-con e-parent\" data-id=\"51cfc86\" data-element_type=\"container\" data-e-type=\"container\">\n\t\t\t\t\t<div class=\"e-con-inner\">\n\t\t\t\t<div class=\"elementor-element elementor-element-97d0342 upk-primary-meta-end-position--yes elementor-widget elementor-widget-upk-alter-grid\" data-id=\"97d0342\" data-element_type=\"widget\" data-e-type=\"widget\" data-widget_type=\"upk-alter-grid.default\">\n\t\t\t\t\t\n\t\t<div class=\"upk-alter-grid upk-ajax-grid\" data-loadmore=\"[]\">\n\t\t\t<div class=\"upk-post-grid upk-ajax-grid-wrap upk-style-1\">\n\n\t\t\t\t\n\t\t\t\t\t\t\t<div class=\"upk-item\">\n\t\t\t<div class=\"upk-item-box\">\n\t\t\t\t<div class=\"upk-img-wrap\">\n\t\t\t\t\t<div class=\"upk-main-img\">\n\t\t\t\t\t\t<img fetchpriority=\"high\" decoding=\"async\" width=\"300\" height=\"200\" src=\"https:\/\/silvasites.com\/vivanutrientes\/wp-content\/uploads\/2026\/02\/ansiedade-e-nutricao-300x200.jpg\" class=\"upk-img\" alt=\"Ansiedade e alimenta\u00e7\u00e3o: qual \u00e9 a rela\u00e7\u00e3o?\" srcset=\"https:\/\/silvasites.com\/vivanutrientes\/wp-content\/uploads\/2026\/02\/ansiedade-e-nutricao-300x200.jpg 300w, https:\/\/silvasites.com\/vivanutrientes\/wp-content\/uploads\/2026\/02\/ansiedade-e-nutricao-1024x683.jpg 1024w, https:\/\/silvasites.com\/vivanutrientes\/wp-content\/uploads\/2026\/02\/ansiedade-e-nutricao-768x512.jpg 768w, https:\/\/silvasites.com\/vivanutrientes\/wp-content\/uploads\/2026\/02\/ansiedade-e-nutricao-1536x1024.jpg 1536w, https:\/\/silvasites.com\/vivanutrientes\/wp-content\/uploads\/2026\/02\/ansiedade-e-nutricao-2048x1365.jpg 2048w\" sizes=\"(max-width: 300px) 100vw, 300px\" \/>\t\t\t\t\t\t\t\t\t\t\t\t\t\t\t\t\t<\/div>\n\t\t\t\t<\/div>\n\n\t\t\t\t<div class=\"upk-content\">\n\t\t\t\t\t<div>\n\n\t\t\t\t\t\t\n\t\t\t\t\t\t<h1 class=\"upk-title\"><a href=\"https:\/\/silvasites.com\/vivanutrientes\/ansiedade-e-alimentacao-qual-e-a-relacao\/\" title=\"Ansiedade e alimenta\u00e7\u00e3o: qual \u00e9 a rela\u00e7\u00e3o?\" class=\"title-animation-underline\" aria-label=\"Ansiedade e alimenta\u00e7\u00e3o: qual \u00e9 a rela\u00e7\u00e3o?\">Ansiedade e alimenta\u00e7\u00e3o: qual \u00e9 a rela\u00e7\u00e3o?<\/a><\/h1>\t\t\t\t\t\t<div class=\"upk-text-wrap\">\n\t\t\t\t\t\t\t\t\t<div class=\"upk-text\">\n\t\t\t<p>Ansiedade e alimenta\u00e7\u00e3o: qual \u00e9 a rela\u00e7\u00e3o? Ansiedade e alimenta\u00e7\u00e3o: como as emo\u00e7\u00f5es influenciam o que voc\u00ea come A ansiedade<\/p>\n\t\t<\/div>\n\t\t\t\t\t\t\t\t\t\t\t\t\t\t\t<\/div>\n\n\t\t\t\t\t\t\n\t\t\t\t\t<\/div>\n\t\t\t\t<\/div>\n\n\t\t\t<\/div>\n\t\t<\/div>\n\t\n\t\t\t\t\n\t\t\t\t\t\t\t<div class=\"upk-item\">\n\t\t\t<div class=\"upk-item-box\">\n\t\t\t\t<div class=\"upk-img-wrap\">\n\t\t\t\t\t<div class=\"upk-main-img\">\n\t\t\t\t\t\t<img decoding=\"async\" width=\"300\" height=\"200\" src=\"https:\/\/silvasites.com\/vivanutrientes\/wp-content\/uploads\/2026\/02\/flay-lay-salad-bowl-weights-300x200.jpg\" class=\"upk-img\" alt=\"Como montar um prato equilibrado no dia a dia\" srcset=\"https:\/\/silvasites.com\/vivanutrientes\/wp-content\/uploads\/2026\/02\/flay-lay-salad-bowl-weights-300x200.jpg 300w, https:\/\/silvasites.com\/vivanutrientes\/wp-content\/uploads\/2026\/02\/flay-lay-salad-bowl-weights-1024x683.jpg 1024w, https:\/\/silvasites.com\/vivanutrientes\/wp-content\/uploads\/2026\/02\/flay-lay-salad-bowl-weights-768x512.jpg 768w, https:\/\/silvasites.com\/vivanutrientes\/wp-content\/uploads\/2026\/02\/flay-lay-salad-bowl-weights-1536x1024.jpg 1536w, https:\/\/silvasites.com\/vivanutrientes\/wp-content\/uploads\/2026\/02\/flay-lay-salad-bowl-weights-2048x1365.jpg 2048w\" sizes=\"(max-width: 300px) 100vw, 300px\" \/>\t\t\t\t\t\t\t\t\t\t\t\t\t\t\t\t\t<\/div>\n\t\t\t\t<\/div>\n\n\t\t\t\t<div class=\"upk-content\">\n\t\t\t\t\t<div>\n\n\t\t\t\t\t\t\n\t\t\t\t\t\t<h1 class=\"upk-title\"><a href=\"https:\/\/silvasites.com\/vivanutrientes\/como-montar-um-prato-equilibrado-no-dia-a-dia\/\" title=\"Como montar um prato equilibrado no dia a dia\" class=\"title-animation-underline\" aria-label=\"Como montar um prato equilibrado no dia a dia\">Como montar um prato equilibrado no dia a dia<\/a><\/h1>\t\t\t\t\t\t<div class=\"upk-text-wrap\">\n\t\t\t\t\t\t\t\t\t<div class=\"upk-text\">\n\t\t\t<p>Como montar um prato equilibrado no dia a dia Como montar um prato saud\u00e1vel e equilibrado no dia a dia<\/p>\n\t\t<\/div>\n\t\t\t\t\t\t\t\t\t\t\t\t\t\t\t<\/div>\n\n\t\t\t\t\t\t\n\t\t\t\t\t<\/div>\n\t\t\t\t<\/div>\n\n\t\t\t<\/div>\n\t\t<\/div>\n\t\n\t\t\t\t\n\t\t\t\t\t\t\t<div class=\"upk-item\">\n\t\t\t<div class=\"upk-item-box\">\n\t\t\t\t<div class=\"upk-img-wrap\">\n\t\t\t\t\t<div class=\"upk-main-img\">\n\t\t\t\t\t\t<img decoding=\"async\" width=\"300\" height=\"200\" src=\"https:\/\/silvasites.com\/vivanutrientes\/wp-content\/uploads\/2026\/02\/mulher-fitness-300x200.jpg\" class=\"upk-img\" alt=\"Carboidrato \u00e9 vil\u00e3o? A verdade que ningu\u00e9m te contou\" srcset=\"https:\/\/silvasites.com\/vivanutrientes\/wp-content\/uploads\/2026\/02\/mulher-fitness-300x200.jpg 300w, https:\/\/silvasites.com\/vivanutrientes\/wp-content\/uploads\/2026\/02\/mulher-fitness-1024x683.jpg 1024w, https:\/\/silvasites.com\/vivanutrientes\/wp-content\/uploads\/2026\/02\/mulher-fitness-768x512.jpg 768w, https:\/\/silvasites.com\/vivanutrientes\/wp-content\/uploads\/2026\/02\/mulher-fitness-1536x1024.jpg 1536w, https:\/\/silvasites.com\/vivanutrientes\/wp-content\/uploads\/2026\/02\/mulher-fitness-2048x1365.jpg 2048w\" sizes=\"(max-width: 300px) 100vw, 300px\" \/>\t\t\t\t\t\t\t\t\t\t\t\t\t\t\t\t\t<\/div>\n\t\t\t\t<\/div>\n\n\t\t\t\t<div class=\"upk-content\">\n\t\t\t\t\t<div>\n\n\t\t\t\t\t\t\n\t\t\t\t\t\t<h1 class=\"upk-title\"><a href=\"https:\/\/silvasites.com\/vivanutrientes\/carboidrato-e-vilao-a-verdade-que-ninguem-te-contou\/\" title=\"Carboidrato \u00e9 vil\u00e3o? A verdade que ningu\u00e9m te contou\" class=\"title-animation-underline\" aria-label=\"Carboidrato \u00e9 vil\u00e3o? A verdade que ningu\u00e9m te contou\">Carboidrato \u00e9 vil\u00e3o? A verdade que ningu\u00e9m te contou<\/a><\/h1>\t\t\t\t\t\t<div class=\"upk-text-wrap\">\n\t\t\t\t\t\t\t\t\t<div class=\"upk-text\">\n\t\t\t<p>Carboidrato \u00e9 vil\u00e3o? A verdade que ningu\u00e9m te contou Carboidrato \u00e9 vil\u00e3o? Descubra a verdade sobre cortar carboidrato para emagrecer<\/p>\n\t\t<\/div>\n\t\t\t\t\t\t\t\t\t\t\t\t\t\t\t<\/div>\n\n\t\t\t\t\t\t\n\t\t\t\t\t<\/div>\n\t\t\t\t<\/div>\n\n\t\t\t<\/div>\n\t\t<\/div>\n\t\n\t\t\t\t\t\t\t<\/div>\n\t\t<\/div>\n\n\t\t\n\t\t\t\t\t<div class=\"ep-pagination\">\n\t\t\t\t\t\t\t<\/div>\n\t\t\t\t<\/div>\n\t\t\t\t\t<\/div>\n\t\t\t\t<\/div>\n\t\t\t\t<\/div>\n\t\t","protected":false},"excerpt":{"rendered":"<p>Ansiedade e alimenta\u00e7\u00e3o: qual \u00e9 a rela\u00e7\u00e3o? Ansiedade e alimenta\u00e7\u00e3o: qual \u00e9 a rela\u00e7\u00e3o? A ansiedade \u00e9 uma das condi\u00e7\u00f5es mais comuns da vida moderna.Rotina acelerada, excesso Como montar um prato equilibrado no dia a dia Como montar um prato equilibrado no dia a dia Muitas pessoas acreditam que comer bem \u00e9 complicado, caro ou exige Carboidrato \u00e9 vil\u00e3o? A verdade que ningu\u00e9m te contou Carboidrato \u00e9 vil\u00e3o? A verdade que ningu\u00e9m te contou Basta abrir as redes sociais para encontrar dietas que prometem emagrecimento<\/p>\n","protected":false},"author":1,"featured_media":0,"parent":0,"menu_order":0,"comment_status":"closed","ping_status":"closed","template":"","meta":{"footnotes":""},"class_list":["post-445","page","type-page","status-publish","hentry"],"_hostinger_reach_plugin_has_subscription_block":false,"_hostinger_reach_plugin_is_elementor":false,"_links":{"self":[{"href":"https:\/\/silvasites.com\/vivanutrientes\/wp-json\/wp\/v2\/pages\/445","targetHints":{"allow":["GET"]}}],"collection":[{"href":"https:\/\/silvasites.com\/vivanutrientes\/wp-json\/wp\/v2\/pages"}],"about":[{"href":"https:\/\/silvasites.com\/vivanutrientes\/wp-json\/wp\/v2\/types\/page"}],"author":[{"embeddable":true,"href":"https:\/\/silvasites.com\/vivanutrientes\/wp-json\/wp\/v2\/users\/1"}],"replies":[{"embeddable":true,"href":"https:\/\/silvasites.com\/vivanutrientes\/wp-json\/wp\/v2\/comments?post=445"}],"version-history":[{"count":7,"href":"https:\/\/silvasites.com\/vivanutrientes\/wp-json\/wp\/v2\/pages\/445\/revisions"}],"predecessor-version":[{"id":544,"href":"https:\/\/silvasites.com\/vivanutrientes\/wp-json\/wp\/v2\/pages\/445\/revisions\/544"}],"wp:attachment":[{"href":"https:\/\/silvasites.com\/vivanutrientes\/wp-json\/wp\/v2\/media?parent=445"}],"curies":[{"name":"wp","href":"https:\/\/api.w.org\/{rel}","templated":true}]}}